{"id":22,"date":"2021-01-19T09:50:09","date_gmt":"2021-01-19T09:50:09","guid":{"rendered":"https:\/\/reseau-cardiovasculaire-nord-occitanie.com\/?p=22"},"modified":"2024-01-02T09:48:30","modified_gmt":"2024-01-02T09:48:30","slug":"cosmetic-dentistry","status":"publish","type":"page","link":"https:\/\/reseau-cardiovasculaire-nord-occitanie.com\/?page_id=22","title":{"rendered":"3 &#8211; Laboratoire d&rsquo;Echocardiographie"},"content":{"rendered":"<p><img decoding=\"async\" src=\"\/wp-content\/uploads\/2024\/01\/3-Echocardio-Hero-G.png\" alt=\"\"><\/p>\n<h6>ACTIVIT\u00c9S<\/h6>\n<h1>Laboratoire d&rsquo;Echocardiographie<\/h1>\n<p><img decoding=\"async\" src=\"\/wp-content\/uploads\/2023\/11\/img-act-3-Laboratoire-echocardiographie-2.png\" alt=\"\"><br \/>\n<img decoding=\"async\" src=\"\/wp-content\/uploads\/2024\/01\/3-Echocardio-Hero-D.png\" alt=\"\"><br \/>\n<img decoding=\"async\" src=\"\/wp-content\/uploads\/yootheme\/services-general-dentistry-hero-mobile-medium.png\" alt=\"\"><br \/>\n<img decoding=\"async\" src=\"\/wp-content\/uploads\/yootheme\/services-general-dentistry-hero-mobile.png\" alt=\"\"><\/p>\n<div>\n<div class=\"espace clearfix\">\n<div class=\"col-md-12 col-sm-12 col-xs-12 lien-activite-orange\">\n<h4 class=\"clearfix p_espace\">Nous disposons d\u2019un laboratoire d\u2019\u00e9chographie performant dot\u00e9 de 4 salles d\u00e9di\u00e9es \u00e0 la r\u00e9alisation des \u00e9chographies cardiaques. Le laboratoire fonctionne avec deux cardiologues sp\u00e9cialis\u00e9s en \u00e9chocardiographie et trois infirmi\u00e8res form\u00e9es aux examens que nous r\u00e9alisons.<\/h4>\n<\/div>\n<\/div>\n<\/div>\n<div>\n<p>        <img decoding=\"async\" src=\"\/wp-content\/uploads\/2024\/01\/1-SALLE_ECHO_EFFORT-2023.jpg\" alt=\"\"><\/p>\n<h2>ECHOCARDIOGRAPHIE TRANS-THORACIQUE (ETT)<\/h2>\n<div>\n<p class=\"clearfix p_espace\">C&rsquo;est un examen non invasif essentiel au suivi de toutes les cardiopathies quel qu\u2019en soit leur cause. Il permet de pr\u00e9ciser l\u2019anatomie du c\u0153ur ainsi que son fonctionnement au repos : \u00e9tude de la contraction du c\u0153ur, du fonctionnement des valves cardiaques, \u2026<\/p>\n<\/div>\n<\/div>\n<div>\n<p>        <img decoding=\"async\" src=\"\/wp-content\/uploads\/2024\/01\/2-ECHO_STRESS-2023.jpg\" alt=\"\"><\/p>\n<h2>ECHOCARDIOGRAPHIE TRANS-OESOPHAGIENNE (ETO)<\/h2>\n<div>\n<p>C&rsquo;est un examen r\u00e9alis\u00e9 \u00e0 l\u2019aide d\u2019un capteur ultrasonore de tr\u00e8s petite taille plac\u00e9 sur un endoscope ins\u00e9r\u00e9 dans l\u2019\u0153sophage. L\u2019examen est r\u00e9alis\u00e9 sous une courte anesth\u00e9sie g\u00e9n\u00e9rale (environ 5 minutes) au bloc d\u2019endoscopie sous la surveillance d\u2019un cardiologue, d\u2019un anesth\u00e9siste et d\u2019une infirmi\u00e8re. Il s\u2019agit en fait d\u2019une voie privil\u00e9gi\u00e9e pour obtenir des images du c\u0153ur et surtout des petites structures cardiaques qui sont parfois inaccessibles \u00e0 une visualisation en \u00e9chographie trans-thoracique.<\/p>\n<\/div>\n<\/div>\n<div>\n<p>        <img decoding=\"async\" src=\"\/wp-content\/uploads\/2024\/01\/3-_SALLE_ECHO_STRESS_2023.jpg\" alt=\"\"><\/p>\n<h2>ECHOCARDIOGRAPHIE DE STRESS<\/h2>\n<div>\n<p class=\"clearfix p_espace\">Est un examen utilis\u00e9 pour \u00e9tudier la contraction du c\u0153ur et le fonctionnement des valves en conditions d\u2019effort. L\u2019objectif de l\u2019examen est d\u2019acc\u00e9l\u00e9rer la fr\u00e9quence cardiaque afin de reproduire les conditions d\u2019un effort normal. Cette acc\u00e9l\u00e9ration de la fr\u00e9quence cardiaque peut \u00eatre obtenue :<\/p>\n<ul>\n<li>soit par un effort sur cycloergom\u00e8tre sur des 2 tables d\u2019examen sp\u00e9cialement \u00e9quip\u00e9es dont nous disposons.<\/li>\n<li>soit par perfusion d\u2019un m\u00e9dicament acc\u00e9l\u00e9rant le c\u0153ur : la Dobutamine et l\u2019atropine. Ces examens se d\u00e9roulent en pr\u00e9sence d\u2019un m\u00e9decin cardiologue sp\u00e9cialis\u00e9 en \u00e9chographie cardiaque et d\u2019une de nos 3 infirmi\u00e8res.<\/li>\n<\/ul>\n<\/div>\n<\/div>\n<div>\n<h3>M\u00c9DECINS CONCERN\u00c9S<\/h3>\n<p>&#038; INFIRMI\u00c8RES<\/p>\n<div>\n<p><a href=\"https:\/\/reseau-cardiovasculaire-nord-occitanie.com\/?page_id=2\">Dr BEROUS <\/a><br \/><a href=\"https:\/\/reseau-cardiovasculaire-nord-occitanie.com\/?page_id=2\">Dr BRUERE <\/a><\/p>\n<p><a href=\"https:\/\/reseau-cardiovasculaire-nord-occitanie.com\/?page_id=2\">C\u00e9line COUDON<\/a><br \/><a href=\"https:\/\/reseau-cardiovasculaire-nord-occitanie.com\/?page_id=2\">Nathalie Durand Taillefer<\/a><br \/><a href=\"https:\/\/reseau-cardiovasculaire-nord-occitanie.com\/?p=18\">Delphine Hermenc<\/a><\/p>\n<\/div>\n<p><a href=\"\/index.php?page_id=8\">PRENDRE RDV<\/a><\/p>\n<\/div>\n<p><img decoding=\"async\" src=\"\/wp-content\/uploads\/yootheme\/services-general-dentistry-shape-01.svg\" alt=\"\"><br \/>\n<img decoding=\"async\" src=\"\/wp-content\/uploads\/yootheme\/services-general-dentistry-shape-02.svg\" alt=\"\"><br \/>\n<img decoding=\"async\" src=\"\/wp-content\/uploads\/2024\/01\/2-ECHO_STRESS-2023.jpg\" alt=\"\"><\/p>\n<h2>Vous souhaitez en savoir + ?<\/h2>\n<div>Rendez-vous dans un de nos 4 centre en Nord Occitanie.<\/div>\n<p>\n    <a href=\"\/index.php?page_id=8\">PRENDRE RDV<\/a>\n<\/p>\n<p><!--more--><br \/>\n<!-- {\"type\":\"layout\",\"children\":[{\"type\":\"section\",\"props\":{\"image_position\":\"center-center\",\"padding_remove_bottom\":true,\"style\":\"default\",\"title_breakpoint\":\"xl\",\"title_position\":\"top-left\",\"title_rotation\":\"left\",\"vertical_align\":\"middle\",\"width\":\"\"},\"children\":[{\"type\":\"row\",\"children\":[{\"type\":\"column\",\"props\":{\"image_position\":\"center-center\",\"position_sticky_breakpoint\":\"m\",\"vertical_align\":\"bottom\",\"width_large\":\"expand\"},\"children\":[{\"type\":\"image\",\"props\":{\"image\":\"wp-content\\\/uploads\\\/2024\\\/01\\\/3-Echocardio-Hero-G.png\",\"image_loading\":true,\"image_svg_color\":\"emphasis\",\"image_width\":\"500\",\"margin\":\"remove-vertical\",\"text_align\":\"right\",\"visibility\":\"l\"}}]},{\"type\":\"column\",\"props\":{\"image_position\":\"center-center\",\"position_sticky_breakpoint\":\"m\",\"vertical_align\":\"middle\",\"width_large\":\"2-5\"},\"children\":[{\"type\":\"headline\",\"props\":{\"content\":\"ACTIVIT\\u00c9S\",\"margin\":\"small\",\"text_align\":\"center\",\"title_color\":\"primary\",\"title_element\":\"h6\",\"title_style\":\"h6\"}},{\"type\":\"headline\",\"props\":{\"content\":\"Laboratoire d'Echocardiographie\",\"margin\":\"small\",\"text_align\":\"center\",\"title_element\":\"h1\"}},{\"type\":\"image\",\"props\":{\"image\":\"wp-content\\\/uploads\\\/2023\\\/11\\\/img-act-3-Laboratoire-echocardiographie-2.png\",\"image_height\":\"50\",\"image_loading\":true,\"image_svg_color\":\"emphasis\",\"image_svg_inline\":true,\"margin\":\"default\",\"text_align\":\"center\"}}]},{\"type\":\"column\",\"props\":{\"image_position\":\"center-center\",\"position_sticky_breakpoint\":\"m\",\"vertical_align\":\"bottom\",\"width_large\":\"expand\"},\"children\":[{\"type\":\"image\",\"props\":{\"image\":\"wp-content\\\/uploads\\\/2024\\\/01\\\/3-Echocardio-Hero-D.png\",\"image_loading\":true,\"image_svg_color\":\"emphasis\",\"image_width\":\"500\",\"margin\":\"remove-vertical\",\"text_align\":\"left\",\"visibility\":\"l\"}},{\"type\":\"image\",\"props\":{\"css\":\"@media (max-width: 639px) {\\n\\t.el-element { display: none; }\\n}\",\"image\":\"wp-content\\\/uploads\\\/yootheme\\\/services-general-dentistry-hero-mobile-medium.png\",\"image_loading\":true,\"image_svg_color\":\"emphasis\",\"image_width\":\"920\",\"margin\":\"remove-vertical\",\"text_align\":\"center\",\"visibility\":\"hidden-l\"}}]}],\"props\":{\"layout\":\"1-3,1-3,1-3\",\"margin\":\"remove-vertical\",\"row_gap\":\"large\",\"width\":\"expand\"}},{\"type\":\"row\",\"children\":[{\"type\":\"column\",\"props\":{\"image_position\":\"center-center\",\"position_sticky_breakpoint\":\"m\"},\"children\":[{\"type\":\"image\",\"props\":{\"image\":\"wp-content\\\/uploads\\\/yootheme\\\/services-general-dentistry-hero-mobile.png\",\"image_loading\":true,\"image_svg_color\":\"emphasis\",\"image_width\":\"920\",\"margin\":\"remove-vertical\",\"text_align\":\"center\",\"visibility\":\"hidden-s\"}}]}]}],\"name\":\"Hero\"},{\"type\":\"section\",\"props\":{\"image_position\":\"center-center\",\"padding_remove_bottom\":true,\"style\":\"default\",\"title_breakpoint\":\"xl\",\"title_position\":\"top-left\",\"title_rotation\":\"left\",\"vertical_align\":\"middle\",\"width\":\"expand\"},\"children\":[{\"type\":\"row\",\"props\":{\"column_gap\":\"large\",\"layout\":\"3-4,1-4\",\"row_gap\":\"large\",\"width\":\"large\"},\"children\":[{\"type\":\"column\",\"props\":{\"image_position\":\"center-center\",\"position_sticky_breakpoint\":\"m\",\"width_medium\":\"3-4\"},\"children\":[{\"type\":\"text\",\"props\":{\"column_breakpoint\":\"m\",\"content\":\"\n\n<div class=\\\"espace clearfix\\\">\\n\n\n<div class=\\\"col-md-12 col-sm-12 col-xs-12 lien-activite-orange\\\">\\n\n\n<h4 class=\\\"clearfix p_espace\\\">Nous disposons d\\u2019un laboratoire d\\u2019\\u00e9chographie performant dot\\u00e9 de 4 salles d\\u00e9di\\u00e9es \\u00e0 la r\\u00e9alisation des \\u00e9chographies cardiaques. Le laboratoire fonctionne avec deux cardiologues sp\\u00e9cialis\\u00e9s en \\u00e9chocardiographie et trois infirmi\\u00e8res form\\u00e9es aux examens que nous r\\u00e9alisons.<\\\/h4>\\n<\\\/div>\\n<\\\/div>\",\"margin\":\"default\",\"text_align\":\"justify\"}},{\"type\":\"panel\",\"props\":{\"content\":\"\n\n<p class=\\\"clearfix p_espace\\\">C'est un examen non invasif essentiel au suivi de toutes les cardiopathies quel qu\\u2019en soit leur cause. Il permet de pr\\u00e9ciser l\\u2019anatomie du c\\u0153ur ainsi que son fonctionnement au repos : \\u00e9tude de la contraction du c\\u0153ur, du fonctionnement des valves cardiaques, \\u2026<\\\/p>\",\"content_column_breakpoint\":\"m\",\"icon_width\":80,\"image\":\"wp-content\\\/uploads\\\/2024\\\/01\\\/1-SALLE_ECHO_EFFORT-2023.jpg\",\"image_align\":\"top\",\"image_grid_breakpoint\":\"m\",\"image_grid_width\":\"1-2\",\"image_height\":\"550\",\"image_svg_color\":\"emphasis\",\"image_width\":\"1440\",\"link_style\":\"default\",\"link_text\":\"Read more\",\"margin\":\"large\",\"meta_align\":\"below-title\",\"meta_element\":\"div\",\"meta_style\":\"text-meta\",\"position\":\"relative\",\"position_z_index\":\"1\",\"text_align\":\"justify\",\"title\":\"ECHOCARDIOGRAPHIE TRANS-THORACIQUE (ETT)\",\"title_align\":\"left\",\"title_element\":\"h2\",\"title_grid_breakpoint\":\"m\",\"title_grid_width\":\"2-5\",\"title_hover_style\":\"reset\",\"title_style\":\"h3\"}},{\"type\":\"panel\",\"props\":{\"content\":\"\n\n<p>C'est un examen r\\u00e9alis\\u00e9 \\u00e0 l\\u2019aide d\\u2019un capteur ultrasonore de tr\\u00e8s petite taille plac\\u00e9 sur un endoscope ins\\u00e9r\\u00e9 dans l\\u2019\\u0153sophage. L\\u2019examen est r\\u00e9alis\\u00e9 sous une courte anesth\\u00e9sie g\\u00e9n\\u00e9rale (environ 5 minutes) au bloc d\\u2019endoscopie sous la surveillance d\\u2019un cardiologue, d\\u2019un anesth\\u00e9siste et d\\u2019une infirmi\\u00e8re. Il s\\u2019agit en fait d\\u2019une voie privil\\u00e9gi\\u00e9e pour obtenir des images du c\\u0153ur et surtout des petites structures cardiaques qui sont parfois inaccessibles \\u00e0 une visualisation en \\u00e9chographie trans-thoracique.<\\\/p>\",\"content_column_breakpoint\":\"m\",\"icon_width\":80,\"image\":\"wp-content\\\/uploads\\\/2024\\\/01\\\/2-ECHO_STRESS-2023.jpg\",\"image_align\":\"top\",\"image_grid_breakpoint\":\"m\",\"image_grid_width\":\"1-2\",\"image_height\":\"550\",\"image_svg_color\":\"emphasis\",\"image_width\":\"1440\",\"link_style\":\"default\",\"link_text\":\"Read more\",\"margin\":\"large\",\"meta_align\":\"below-title\",\"meta_element\":\"div\",\"meta_style\":\"text-meta\",\"position\":\"relative\",\"position_z_index\":\"1\",\"text_align\":\"justify\",\"title\":\"ECHOCARDIOGRAPHIE TRANS-OESOPHAGIENNE (ETO)\",\"title_align\":\"left\",\"title_element\":\"h2\",\"title_grid_breakpoint\":\"m\",\"title_grid_width\":\"2-5\",\"title_hover_style\":\"reset\",\"title_style\":\"h3\"}},{\"type\":\"panel\",\"props\":{\"content\":\"\n\n<p class=\\\"clearfix p_espace\\\">Est un examen utilis\\u00e9 pour \\u00e9tudier la contraction du c\\u0153ur et le fonctionnement des valves en conditions d\\u2019effort. L\\u2019objectif de l\\u2019examen est d\\u2019acc\\u00e9l\\u00e9rer la fr\\u00e9quence cardiaque afin de reproduire les conditions d\\u2019un effort normal. Cette acc\\u00e9l\\u00e9ration de la fr\\u00e9quence cardiaque peut \\u00eatre obtenue :<\\\/p>\\n\n\n<ul>\\n\n\n<li>soit par un effort sur cycloergom\\u00e8tre sur des 2 tables d\\u2019examen sp\\u00e9cialement \\u00e9quip\\u00e9es dont nous disposons.<\\\/li>\\n\n\n<li>soit par perfusion d\\u2019un m\\u00e9dicament acc\\u00e9l\\u00e9rant le c\\u0153ur : la Dobutamine et l\\u2019atropine. Ces examens se d\\u00e9roulent en pr\\u00e9sence d\\u2019un m\\u00e9decin cardiologue sp\\u00e9cialis\\u00e9 en \\u00e9chographie cardiaque et d\\u2019une de nos 3 infirmi\\u00e8res.<\\\/li>\\n<\\\/ul>\",\"content_column_breakpoint\":\"m\",\"icon_width\":80,\"image\":\"wp-content\\\/uploads\\\/2024\\\/01\\\/3-_SALLE_ECHO_STRESS_2023.jpg\",\"image_align\":\"top\",\"image_grid_breakpoint\":\"m\",\"image_grid_width\":\"1-2\",\"image_height\":\"550\",\"image_svg_color\":\"emphasis\",\"image_width\":\"1440\",\"link_style\":\"default\",\"link_text\":\"Read more\",\"margin\":\"default\",\"meta_align\":\"below-title\",\"meta_element\":\"div\",\"meta_style\":\"text-meta\",\"position\":\"relative\",\"position_z_index\":\"1\",\"text_align\":\"justify\",\"title\":\"ECHOCARDIOGRAPHIE DE STRESS\",\"title_align\":\"left\",\"title_element\":\"h2\",\"title_grid_breakpoint\":\"m\",\"title_grid_width\":\"2-5\",\"title_hover_style\":\"reset\",\"title_style\":\"h3\"}}]},{\"type\":\"column\",\"props\":{\"image_position\":\"center-center\",\"position_sticky\":\"column\",\"position_sticky_breakpoint\":\"m\",\"position_sticky_offset\":\"110\",\"width_medium\":\"1-4\"},\"children\":[{\"type\":\"panel\",\"props\":{\"content\":\"\n\n<p><a href=\\\"https:\\\/\\\/reseau-cardiovasculaire-nord-occitanie.com\\\/?page_id=2\\\">Dr BEROUS <\\\/a><br \\\/><a href=\\\"https:\\\/\\\/reseau-cardiovasculaire-nord-occitanie.com\\\/?page_id=2\\\">Dr BRUERE <\\\/a><\\\/p>\\n\n\n<p><a href=\\\"https:\\\/\\\/reseau-cardiovasculaire-nord-occitanie.com\\\/?page_id=2\\\">C\\u00e9line COUDON<\\\/a><br \\\/><a href=\\\"https:\\\/\\\/reseau-cardiovasculaire-nord-occitanie.com\\\/?page_id=2\\\">Nathalie Durand Taillefer<\\\/a><br \\\/><a href=\\\"https:\\\/\\\/reseau-cardiovasculaire-nord-occitanie.com\\\/?p=18\\\">Delphine Hermenc<\\\/a><\\\/p>\",\"content_column_breakpoint\":\"m\",\"icon_width\":80,\"image_align\":\"top\",\"image_grid_breakpoint\":\"m\",\"image_grid_width\":\"1-2\",\"image_svg_color\":\"emphasis\",\"link\":\"index.php?page_id=8\",\"link_size\":\"small\",\"link_style\":\"default\",\"link_text\":\"PRENDRE RDV\",\"margin\":\"default\",\"meta\":\"& INFIRMI\\u00c8RES\",\"meta_align\":\"below-title\",\"meta_element\":\"div\",\"meta_style\":\"text-meta\",\"position\":\"relative\",\"position_z_index\":\"1\",\"title\":\"M\\u00c9DECINS CONCERN\\u00c9S\",\"title_align\":\"top\",\"title_element\":\"h3\",\"title_grid_breakpoint\":\"m\",\"title_grid_width\":\"1-2\",\"title_hover_style\":\"reset\",\"title_style\":\"h6\"}}]}]},{\"type\":\"row\",\"props\":{\"margin\":\"remove-vertical\"},\"children\":[{\"type\":\"column\",\"props\":{\"image_position\":\"center-center\",\"position_sticky_breakpoint\":\"m\"},\"children\":[{\"type\":\"image\",\"props\":{\"image\":\"wp-content\\\/uploads\\\/yootheme\\\/services-general-dentistry-shape-01.svg\",\"image_height\":\"100\",\"image_svg_color\":\"\",\"image_svg_inline\":false,\"image_width\":\"100\",\"margin\":\"default\",\"position\":\"absolute\",\"position_bottom\":\"310\",\"text_align\":\"right\",\"visibility\":\"xl\"}},{\"type\":\"image\",\"props\":{\"image\":\"wp-content\\\/uploads\\\/yootheme\\\/services-general-dentistry-shape-02.svg\",\"image_height\":\"200\",\"image_svg_color\":\"\",\"image_svg_inline\":false,\"image_width\":\"200\",\"margin\":\"default\",\"position\":\"absolute\",\"position_bottom\":\"70\",\"position_right\":\"40\",\"text_align\":\"right\",\"visibility\":\"xl\"}}]}]}],\"name\":\"Services\"},{\"type\":\"section\",\"props\":{\"image_position\":\"center-center\",\"style\":\"default\",\"title_breakpoint\":\"xl\",\"title_position\":\"top-left\",\"title_rotation\":\"left\",\"vertical_align\":\"middle\",\"width\":\"default\"},\"children\":[{\"type\":\"row\",\"children\":[{\"type\":\"column\",\"props\":{\"image_position\":\"center-center\",\"position_sticky_breakpoint\":\"m\"}}]}]},{\"type\":\"section\",\"props\":{\"image_position\":\"center-center\",\"padding\":\"none\",\"style\":\"default\",\"title_breakpoint\":\"xl\",\"title_position\":\"top-left\",\"title_rotation\":\"left\",\"vertical_align\":\"middle\",\"width\":\"\"},\"children\":[{\"type\":\"row\",\"children\":[{\"type\":\"column\",\"props\":{\"image_position\":\"center-center\",\"position_sticky_breakpoint\":\"m\"},\"children\":[{\"type\":\"image\",\"props\":{\"image\":\"wp-content\\\/uploads\\\/2024\\\/01\\\/2-ECHO_STRESS-2023.jpg\",\"image_height\":\"600\",\"image_svg_color\":\"emphasis\",\"image_width\":\"2000\",\"margin\":\"default\"}}]}]}]},{\"type\":\"section\",\"props\":{\"image\":\"wp-content\\\/uploads\\\/yootheme\\\/cta-bg.svg\",\"image_position\":\"center-right\",\"image_size\":\"height-1-1\",\"image_width\":\"800\",\"media_visibility\":\"s\",\"padding\":\"large\",\"padding_remove_top\":false,\"style\":\"secondary\",\"title_breakpoint\":\"xl\",\"title_position\":\"top-left\",\"title_rotation\":\"left\",\"vertical_align\":\"middle\",\"width\":\"default\"},\"children\":[{\"type\":\"row\",\"props\":{\"column_gap\":\"small\",\"layout\":\"3-4,1-4\",\"margin\":\"small\",\"width\":\"large\"},\"children\":[{\"type\":\"column\",\"props\":{\"image_position\":\"center-center\",\"padding\":\"none\",\"position_sticky_breakpoint\":\"m\",\"width_medium\":\"3-4\"},\"children\":[{\"type\":\"headline\",\"props\":{\"content\":\"Vous souhaitez en savoir + ?\",\"maxwidth\":\"large\",\"maxwidth_breakpoint\":\"s\",\"text_align\":\"left\",\"text_align_breakpoint\":\"s\",\"text_align_fallback\":\"center\",\"title_element\":\"h2\"}},{\"type\":\"text\",\"props\":{\"column_breakpoint\":\"m\",\"content\":\"Rendez-vous dans un de nos 4 centre en Nord Occitanie.\",\"margin\":\"default\",\"maxwidth\":\"large\",\"maxwidth_breakpoint\":\"s\",\"text_align\":\"left\",\"text_align_breakpoint\":\"s\",\"text_align_fallback\":\"center\",\"text_color\":\"emphasis\"}}]},{\"type\":\"column\",\"props\":{\"image_position\":\"center-center\",\"padding\":\"none\",\"position_sticky_breakpoint\":\"m\",\"vertical_align\":\"middle\",\"width_medium\":\"1-4\"},\"children\":[{\"type\":\"button\",\"props\":{\"button_size\":\"large\",\"grid_column_gap\":\"small\",\"grid_row_gap\":\"small\",\"margin\":\"default\",\"text_align\":\"right\",\"text_align_breakpoint\":\"s\",\"text_align_fallback\":\"center\"},\"children\":[{\"type\":\"button_item\",\"props\":{\"button_style\":\"danger\",\"content\":\"PRENDRE RDV\",\"icon_align\":\"left\",\"link\":\"index.php?page_id=8\"}}]}]}]}],\"name\":\"Call to Action En savoir + prendre RDV\"}],\"version\":\"4.2.11\"} --><\/p>\n","protected":false},"excerpt":{"rendered":"<p>ACTIVIT\u00c9S Laboratoire d&rsquo;Echocardiographie Nous disposons d\u2019un laboratoire d\u2019\u00e9chographie performant dot\u00e9 de 4 salles d\u00e9di\u00e9es \u00e0 la r\u00e9alisation des \u00e9chographies cardiaques. Le laboratoire fonctionne avec deux cardiologues sp\u00e9cialis\u00e9s en \u00e9chocardiographie et trois infirmi\u00e8res form\u00e9es aux examens que nous r\u00e9alisons. ECHOCARDIOGRAPHIE TRANS-THORACIQUE (ETT) C&rsquo;est un examen non invasif essentiel au suivi de toutes les cardiopathies quel qu\u2019en [&hellip;]<\/p>\n","protected":false},"author":1,"featured_media":1102,"parent":0,"menu_order":1,"comment_status":"open","ping_status":"open","template":"","meta":{"_acf_changed":false,"footnotes":""},"class_list":["post-22","page","type-page","status-publish","has-post-thumbnail","hentry"],"acf":[],"_links":{"self":[{"href":"https:\/\/reseau-cardiovasculaire-nord-occitanie.com\/index.php?rest_route=\/wp\/v2\/pages\/22","targetHints":{"allow":["GET"]}}],"collection":[{"href":"https:\/\/reseau-cardiovasculaire-nord-occitanie.com\/index.php?rest_route=\/wp\/v2\/pages"}],"about":[{"href":"https:\/\/reseau-cardiovasculaire-nord-occitanie.com\/index.php?rest_route=\/wp\/v2\/types\/page"}],"author":[{"embeddable":true,"href":"https:\/\/reseau-cardiovasculaire-nord-occitanie.com\/index.php?rest_route=\/wp\/v2\/users\/1"}],"replies":[{"embeddable":true,"href":"https:\/\/reseau-cardiovasculaire-nord-occitanie.com\/index.php?rest_route=%2Fwp%2Fv2%2Fcomments&post=22"}],"version-history":[{"count":23,"href":"https:\/\/reseau-cardiovasculaire-nord-occitanie.com\/index.php?rest_route=\/wp\/v2\/pages\/22\/revisions"}],"predecessor-version":[{"id":1741,"href":"https:\/\/reseau-cardiovasculaire-nord-occitanie.com\/index.php?rest_route=\/wp\/v2\/pages\/22\/revisions\/1741"}],"wp:featuredmedia":[{"embeddable":true,"href":"https:\/\/reseau-cardiovasculaire-nord-occitanie.com\/index.php?rest_route=\/wp\/v2\/media\/1102"}],"wp:attachment":[{"href":"https:\/\/reseau-cardiovasculaire-nord-occitanie.com\/index.php?rest_route=%2Fwp%2Fv2%2Fmedia&parent=22"}],"curies":[{"name":"wp","href":"https:\/\/api.w.org\/{rel}","templated":true}]}}